{"id":2029,"date":"2020-09-08T15:05:49","date_gmt":"2020-09-08T13:05:49","guid":{"rendered":"https:\/\/www.technicondesign.com\/massgeschneiderte-loesungen"},"modified":"2022-08-22T18:19:09","modified_gmt":"2022-08-22T16:19:09","slug":"massgeschneiderte-loesungen","status":"publish","type":"page","link":"https:\/\/www.technicondesign.com\/de\/massgeschneiderte-loesungen","title":{"rendered":"Ma\u00dfgeschneiderte L\u00f6sungen"},"content":{"rendered":"\t\t<div data-elementor-type=\"wp-page\" data-elementor-id=\"2029\" class=\"elementor elementor-2029 elementor-116\" data-elementor-post-type=\"page\">\n\t\t\t\t\t\t<section class=\"elementor-section elementor-top-section elementor-element elementor-element-6d50c79 elementor-section-height-min-height elementor-section-boxed elementor-section-height-default elementor-section-items-middle elementor-invisible\" data-id=\"6d50c79\" data-element_type=\"section\" data-settings=\"{&quot;background_background&quot;:&quot;classic&quot;,&quot;shape_divider_bottom&quot;:&quot;triangle-asymmetrical&quot;,&quot;shape_divider_bottom_negative&quot;:&quot;yes&quot;,&quot;animation&quot;:&quot;fadeInDown&quot;}\">\n\t\t\t\t\t\t\t<div class=\"elementor-background-overlay\"><\/div>\n\t\t\t\t\t\t<div class=\"elementor-shape elementor-shape-bottom\" aria-hidden=\"true\" data-negative=\"true\">\n\t\t\t<svg xmlns=\"http:\/\/www.w3.org\/2000\/svg\" viewBox=\"0 0 1000 100\" preserveAspectRatio=\"none\">\n\t<path class=\"elementor-shape-fill\" d=\"M737.9,94.7L0,0v100h1000V0L737.9,94.7z\"\/>\n<\/svg>\t\t<\/div>\n\t\t\t\t\t<div class=\"elementor-container elementor-column-gap-default\">\n\t\t\t\t\t<div class=\"elementor-column elementor-col-100 elementor-top-column elementor-element elementor-element-ed8a05b\" data-id=\"ed8a05b\" data-element_type=\"column\">\n\t\t\t<div class=\"elementor-widget-wrap elementor-element-populated\">\n\t\t\t\t\t\t<div class=\"elementor-element elementor-element-8d26811 elementor-widget elementor-widget-heading\" data-id=\"8d26811\" data-element_type=\"widget\" data-widget_type=\"heading.default\">\n\t\t\t\t<div class=\"elementor-widget-container\">\n\t\t\t\t\t<h1 class=\"elementor-heading-title elementor-size-default\">Ma\u00dfgeschneiderte L\u00f6sungen<\/h1>\t\t\t\t<\/div>\n\t\t\t\t<\/div>\n\t\t\t\t\t<\/div>\n\t\t<\/div>\n\t\t\t\t\t<\/div>\n\t\t<\/section>\n\t\t\t\t<section class=\"elementor-section elementor-top-section elementor-element elementor-element-09f751a elementor-section-boxed elementor-section-height-default elementor-section-height-default elementor-invisible\" data-id=\"09f751a\" data-element_type=\"section\" data-settings=\"{&quot;background_background&quot;:&quot;classic&quot;,&quot;shape_divider_bottom&quot;:&quot;tilt&quot;,&quot;animation&quot;:&quot;fadeInDown&quot;}\">\n\t\t\t\t\t<div class=\"elementor-shape elementor-shape-bottom\" aria-hidden=\"true\" data-negative=\"false\">\n\t\t\t<svg xmlns=\"http:\/\/www.w3.org\/2000\/svg\" viewBox=\"0 0 1000 100\" preserveAspectRatio=\"none\">\n\t<path class=\"elementor-shape-fill\" d=\"M0,6V0h1000v100L0,6z\"\/>\n<\/svg>\t\t<\/div>\n\t\t\t\t\t<div class=\"elementor-container elementor-column-gap-default\">\n\t\t\t\t\t<div class=\"elementor-column elementor-col-100 elementor-top-column elementor-element elementor-element-e209b6f elementor-invisible\" data-id=\"e209b6f\" data-element_type=\"column\" data-settings=\"{&quot;background_background&quot;:&quot;classic&quot;,&quot;animation&quot;:&quot;fadeInRight&quot;}\">\n\t\t\t<div class=\"elementor-widget-wrap elementor-element-populated\">\n\t\t\t\t\t<div class=\"elementor-background-overlay\"><\/div>\n\t\t\t\t\t\t<div class=\"elementor-element elementor-element-ac22015 elementor-widget elementor-widget-heading\" data-id=\"ac22015\" data-element_type=\"widget\" data-widget_type=\"heading.default\">\n\t\t\t\t<div class=\"elementor-widget-container\">\n\t\t\t\t\t<h2 class=\"elementor-heading-title elementor-size-default\">FLEXIBLER PARTNER VON DER PERSONELLEN UNTERST\u00dcTZUNG BIS ZUM VOLLST\u00c4NDIGEN PROJEKT<\/h2>\t\t\t\t<\/div>\n\t\t\t\t<\/div>\n\t\t\t\t<div class=\"elementor-element elementor-element-4ffad16 elementor-widget elementor-widget-text-editor\" data-id=\"4ffad16\" data-element_type=\"widget\" data-widget_type=\"text-editor.default\">\n\t\t\t\t<div class=\"elementor-widget-container\">\n\t\t\t\t\t\t\t\t\t<p>Kommunikation, Verst\u00e4ndnis und Agilit\u00e4t sind der Schl\u00fcssel zum Ansatz von Technicon Design. Wir schaffen Mehrwert durch unsere Leidenschaft f\u00fcr Design, ein globales Netzwerk, das wir in den letzten 40 Jahren aufgebaut haben, und unser umfassendes Wissen und unsere Erfahrung. Wir verstehen die Branchen, die wir vertreten.<\/p>\t\t\t\t\t\t\t\t<\/div>\n\t\t\t\t<\/div>\n\t\t\t\t\t<\/div>\n\t\t<\/div>\n\t\t\t\t\t<\/div>\n\t\t<\/section>\n\t\t\t\t<section class=\"elementor-section elementor-top-section elementor-element elementor-element-405bbad elementor-section-boxed elementor-section-height-default elementor-section-height-default\" data-id=\"405bbad\" data-element_type=\"section\" data-settings=\"{&quot;background_background&quot;:&quot;classic&quot;,&quot;shape_divider_top&quot;:&quot;tilt&quot;}\">\n\t\t\t\t\t<div class=\"elementor-shape elementor-shape-top\" aria-hidden=\"true\" data-negative=\"false\">\n\t\t\t<svg xmlns=\"http:\/\/www.w3.org\/2000\/svg\" viewBox=\"0 0 1000 100\" preserveAspectRatio=\"none\">\n\t<path class=\"elementor-shape-fill\" d=\"M0,6V0h1000v100L0,6z\"\/>\n<\/svg>\t\t<\/div>\n\t\t\t\t\t<div class=\"elementor-container elementor-column-gap-default\">\n\t\t\t\t\t<div class=\"elementor-column elementor-col-100 elementor-top-column elementor-element elementor-element-a830617 elementor-invisible\" data-id=\"a830617\" data-element_type=\"column\" data-settings=\"{&quot;animation&quot;:&quot;fadeIn&quot;}\">\n\t\t\t<div class=\"elementor-widget-wrap elementor-element-populated\">\n\t\t\t\t\t\t<div class=\"elementor-element elementor-element-0ded8ba elementor-widget elementor-widget-heading\" data-id=\"0ded8ba\" data-element_type=\"widget\" data-widget_type=\"heading.default\">\n\t\t\t\t<div class=\"elementor-widget-container\">\n\t\t\t\t\t<h2 class=\"elementor-heading-title elementor-size-default\">Fachkundige Unterst\u00fctzung bei der Personalbeschaffung  <\/h2>\t\t\t\t<\/div>\n\t\t\t\t<\/div>\n\t\t\t\t<div class=\"elementor-element elementor-element-d392d30 elementor-widget elementor-widget-heading\" data-id=\"d392d30\" data-element_type=\"widget\" data-widget_type=\"heading.default\">\n\t\t\t\t<div class=\"elementor-widget-container\">\n\t\t\t\t\t<p class=\"elementor-heading-title elementor-size-default\">EINER DER WELTWEIT F\u00dcHRENDEN ANBIETER VON PERSONALDIENSTLEISTUNGEN F\u00dcR DIE DESIGNBRANCHE<\/p>\t\t\t\t<\/div>\n\t\t\t\t<\/div>\n\t\t\t\t<div class=\"elementor-element elementor-element-ce2f453 elementor-widget elementor-widget-text-editor\" data-id=\"ce2f453\" data-element_type=\"widget\" data-widget_type=\"text-editor.default\">\n\t\t\t\t<div class=\"elementor-widget-container\">\n\t\t\t\t\t\t\t\t\t<p>Seit 1978 rekrutiert Technicon Design Designspezialisten f\u00fcr viele der wichtigsten OEMs und Zulieferer der Branche.<\/p><p>Wir sind stolz darauf, einer der weltweit f\u00fchrenden Anbieter von Rekrutierungsdienstleistungen f\u00fcr die Designbranche zu sein.<\/p><p>Wir unterst\u00fctzen Spezialisten in allen wichtigen Disziplinen des Entwurfsprozesses.<\/p><p>Wir verf\u00fcgen \u00fcber ein umfassendes Marktverst\u00e4ndnis, das es uns erm\u00f6glicht, Kombinationen zu schaffen, die zueinander passen und effektive, leistungsstarke Teams bilden.<\/p>\t\t\t\t\t\t\t\t<\/div>\n\t\t\t\t<\/div>\n\t\t\t\t\t<\/div>\n\t\t<\/div>\n\t\t\t\t\t<\/div>\n\t\t<\/section>\n\t\t\t\t<section class=\"elementor-section elementor-top-section elementor-element elementor-element-50b546b elementor-section-height-min-height elementor-section-boxed elementor-section-height-default elementor-section-items-middle\" data-id=\"50b546b\" data-element_type=\"section\" data-settings=\"{&quot;background_background&quot;:&quot;classic&quot;,&quot;background_motion_fx_motion_fx_scrolling&quot;:&quot;yes&quot;,&quot;background_motion_fx_scale_effect&quot;:&quot;yes&quot;,&quot;background_motion_fx_scale_speed&quot;:{&quot;unit&quot;:&quot;px&quot;,&quot;size&quot;:3,&quot;sizes&quot;:[]},&quot;background_motion_fx_range&quot;:&quot;viewport&quot;,&quot;shape_divider_top&quot;:&quot;triangle-asymmetrical&quot;,&quot;shape_divider_bottom&quot;:&quot;tilt&quot;,&quot;background_motion_fx_scale_direction&quot;:&quot;out-in&quot;,&quot;background_motion_fx_scale_range&quot;:{&quot;unit&quot;:&quot;%&quot;,&quot;size&quot;:&quot;&quot;,&quot;sizes&quot;:{&quot;start&quot;:20,&quot;end&quot;:80}},&quot;background_motion_fx_devices&quot;:[&quot;desktop&quot;,&quot;tablet&quot;,&quot;mobile&quot;]}\">\n\t\t\t\t\t\t\t<div class=\"elementor-background-overlay\"><\/div>\n\t\t\t\t\t\t<div class=\"elementor-shape elementor-shape-top\" aria-hidden=\"true\" data-negative=\"false\">\n\t\t\t<svg xmlns=\"http:\/\/www.w3.org\/2000\/svg\" viewBox=\"0 0 1000 100\" preserveAspectRatio=\"none\">\n\t<path class=\"elementor-shape-fill\" d=\"M738,99l262-93V0H0v5.6L738,99z\"\/>\n<\/svg>\t\t<\/div>\n\t\t\t\t<div class=\"elementor-shape elementor-shape-bottom\" aria-hidden=\"true\" data-negative=\"false\">\n\t\t\t<svg xmlns=\"http:\/\/www.w3.org\/2000\/svg\" viewBox=\"0 0 1000 100\" preserveAspectRatio=\"none\">\n\t<path class=\"elementor-shape-fill\" d=\"M0,6V0h1000v100L0,6z\"\/>\n<\/svg>\t\t<\/div>\n\t\t\t\t\t<div class=\"elementor-container elementor-column-gap-default\">\n\t\t\t\t\t<div class=\"elementor-column elementor-col-100 elementor-top-column elementor-element elementor-element-82abfd2\" data-id=\"82abfd2\" data-element_type=\"column\">\n\t\t\t<div class=\"elementor-widget-wrap\">\n\t\t\t\t\t\t\t<\/div>\n\t\t<\/div>\n\t\t\t\t\t<\/div>\n\t\t<\/section>\n\t\t\t\t<section class=\"elementor-section elementor-top-section elementor-element elementor-element-0f0f42e elementor-section-boxed elementor-section-height-default elementor-section-height-default\" data-id=\"0f0f42e\" data-element_type=\"section\">\n\t\t\t\t\t\t<div class=\"elementor-container elementor-column-gap-default\">\n\t\t\t\t\t<div class=\"elementor-column elementor-col-50 elementor-top-column elementor-element elementor-element-69c0044\" data-id=\"69c0044\" data-element_type=\"column\">\n\t\t\t<div class=\"elementor-widget-wrap elementor-element-populated\">\n\t\t\t\t\t\t<div class=\"elementor-element elementor-element-0bdac24 elementor-widget elementor-widget-heading\" data-id=\"0bdac24\" data-element_type=\"widget\" data-widget_type=\"heading.default\">\n\t\t\t\t<div class=\"elementor-widget-container\">\n\t\t\t\t\t<h2 class=\"elementor-heading-title elementor-size-default\">UNTERST\u00dcTZUNG BEI DER PROJEKTENTWICKLUNG<\/h2>\t\t\t\t<\/div>\n\t\t\t\t<\/div>\n\t\t\t\t<div class=\"elementor-element elementor-element-6b027bf elementor-widget elementor-widget-text-editor\" data-id=\"6b027bf\" data-element_type=\"widget\" data-widget_type=\"text-editor.default\">\n\t\t\t\t<div class=\"elementor-widget-container\">\n\t\t\t\t\t\t\t\t\t<p>Wir sind bestrebt, Ihre Bed\u00fcrfnisse so pr\u00e4zise wie m\u00f6glich zu erf\u00fcllen.<\/p><p>Unsere Flexibilit\u00e4t ist unsere St\u00e4rke. Wir k\u00f6nnen Ihr Designprojekt ganz oder teilweise in Ihren B\u00fcros oder in unseren eigenen Studios konzipieren, in v\u00f6lliger Autonomie oder in enger Zusammenarbeit mit Ihren Teams. Was auch immer die Umst\u00e4nde sind, wir sind ergebnisorientiert. Unser Ziel ist immer dasselbe gewesen: Ihre industrielle Leistung zu unterst\u00fctzen und zu verbessern.<\/p>\t\t\t\t\t\t\t\t<\/div>\n\t\t\t\t<\/div>\n\t\t\t\t\t<\/div>\n\t\t<\/div>\n\t\t\t\t<div class=\"elementor-column elementor-col-50 elementor-top-column elementor-element elementor-element-4b48bf8 animated-slow elementor-invisible\" data-id=\"4b48bf8\" data-element_type=\"column\" data-settings=\"{&quot;background_background&quot;:&quot;classic&quot;,&quot;animation&quot;:&quot;fadeIn&quot;}\">\n\t\t\t<div class=\"elementor-widget-wrap elementor-element-populated\">\n\t\t\t\t\t\t<div class=\"elementor-element elementor-element-6d4fdbe elementor-widget elementor-widget-spacer\" data-id=\"6d4fdbe\" data-element_type=\"widget\" data-widget_type=\"spacer.default\">\n\t\t\t\t<div class=\"elementor-widget-container\">\n\t\t\t\t\t\t\t<div class=\"elementor-spacer\">\n\t\t\t<div class=\"elementor-spacer-inner\"><\/div>\n\t\t<\/div>\n\t\t\t\t\t\t<\/div>\n\t\t\t\t<\/div>\n\t\t\t\t\t<\/div>\n\t\t<\/div>\n\t\t\t\t\t<\/div>\n\t\t<\/section>\n\t\t\t\t<section class=\"elementor-section elementor-top-section elementor-element elementor-element-3b780d3 elementor-section-boxed elementor-section-height-default elementor-section-height-default\" data-id=\"3b780d3\" data-element_type=\"section\" data-settings=\"{&quot;background_background&quot;:&quot;classic&quot;,&quot;shape_divider_top&quot;:&quot;triangle&quot;,&quot;shape_divider_top_negative&quot;:&quot;yes&quot;}\">\n\t\t\t\t\t<div class=\"elementor-shape elementor-shape-top\" aria-hidden=\"true\" data-negative=\"true\">\n\t\t\t<svg xmlns=\"http:\/\/www.w3.org\/2000\/svg\" viewBox=\"0 0 1000 100\" preserveAspectRatio=\"none\">\n\t<path class=\"elementor-shape-fill\" d=\"M500.2,94.7L0,0v100h1000V0L500.2,94.7z\"\/>\n<\/svg>\t\t<\/div>\n\t\t\t\t\t<div class=\"elementor-container elementor-column-gap-default\">\n\t\t\t\t\t<div class=\"elementor-column elementor-col-100 elementor-top-column elementor-element elementor-element-bf5709c elementor-invisible\" data-id=\"bf5709c\" data-element_type=\"column\" data-settings=\"{&quot;animation&quot;:&quot;fadeInLeft&quot;}\">\n\t\t\t<div class=\"elementor-widget-wrap elementor-element-populated\">\n\t\t\t\t\t\t<div class=\"elementor-element elementor-element-68d79a3 elementor-widget elementor-widget-heading\" data-id=\"68d79a3\" data-element_type=\"widget\" data-widget_type=\"heading.default\">\n\t\t\t\t<div class=\"elementor-widget-container\">\n\t\t\t\t\t<h2 class=\"elementor-heading-title elementor-size-default\">Unterst\u00fctzung bei Design und Technik  <\/h2>\t\t\t\t<\/div>\n\t\t\t\t<\/div>\n\t\t\t\t<div class=\"elementor-element elementor-element-fe19f38 elementor-widget elementor-widget-text-editor\" data-id=\"fe19f38\" data-element_type=\"widget\" data-widget_type=\"text-editor.default\">\n\t\t\t\t<div class=\"elementor-widget-container\">\n\t\t\t\t\t\t\t\t\t<p>Design ist ein weites Feld, das so viel mehr ist als nur Styling. Es ist ein komplexer integrierter Prozess, bei dem das Styling nur ein Element darstellt. Technicon Design bietet einen Service an, der das Design in seiner Gesamtheit abdeckt, von oben bis unten und von Ende zu Ende.<\/p><p>Der Zusammenschluss von Technicon Design und SEGULA Group hat zu einer echten vertikalen Integration von Kompetenzen, Werkzeugen und Methoden gef\u00fchrt. Ob mit Ihrem eigenen oder einem kombinierten Team, die Integration erm\u00f6glicht eine komplette Produktentwicklung von A bis Z: vom ersten Styling bis zum Entwurf von Produktionsketten, \u00fcber eine Vielzahl von Schritten wie Prototyping, technische und wirtschaftliche Machbarkeit, Marketinganalyse und Kommunikationsunterst\u00fctzung.<\/p><p> <\/p>\t\t\t\t\t\t\t\t<\/div>\n\t\t\t\t<\/div>\n\t\t\t\t\t<\/div>\n\t\t<\/div>\n\t\t\t\t\t<\/div>\n\t\t<\/section>\n\t\t\t\t<section class=\"elementor-section elementor-top-section elementor-element elementor-element-410f6b9 elementor-section-height-min-height elementor-section-boxed elementor-section-height-default elementor-section-items-middle\" data-id=\"410f6b9\" data-element_type=\"section\" data-settings=\"{&quot;background_background&quot;:&quot;classic&quot;,&quot;background_motion_fx_motion_fx_scrolling&quot;:&quot;yes&quot;,&quot;background_motion_fx_scale_effect&quot;:&quot;yes&quot;,&quot;background_motion_fx_scale_speed&quot;:{&quot;unit&quot;:&quot;px&quot;,&quot;size&quot;:3,&quot;sizes&quot;:[]},&quot;background_motion_fx_range&quot;:&quot;viewport&quot;,&quot;shape_divider_top&quot;:&quot;triangle-asymmetrical&quot;,&quot;shape_divider_bottom&quot;:&quot;tilt&quot;,&quot;background_motion_fx_scale_direction&quot;:&quot;out-in&quot;,&quot;background_motion_fx_scale_range&quot;:{&quot;unit&quot;:&quot;%&quot;,&quot;size&quot;:&quot;&quot;,&quot;sizes&quot;:{&quot;start&quot;:20,&quot;end&quot;:80}},&quot;background_motion_fx_devices&quot;:[&quot;desktop&quot;,&quot;tablet&quot;,&quot;mobile&quot;]}\">\n\t\t\t\t\t\t\t<div class=\"elementor-background-overlay\"><\/div>\n\t\t\t\t\t\t<div class=\"elementor-shape elementor-shape-top\" aria-hidden=\"true\" data-negative=\"false\">\n\t\t\t<svg xmlns=\"http:\/\/www.w3.org\/2000\/svg\" viewBox=\"0 0 1000 100\" preserveAspectRatio=\"none\">\n\t<path class=\"elementor-shape-fill\" d=\"M738,99l262-93V0H0v5.6L738,99z\"\/>\n<\/svg>\t\t<\/div>\n\t\t\t\t<div class=\"elementor-shape elementor-shape-bottom\" aria-hidden=\"true\" data-negative=\"false\">\n\t\t\t<svg xmlns=\"http:\/\/www.w3.org\/2000\/svg\" viewBox=\"0 0 1000 100\" preserveAspectRatio=\"none\">\n\t<path class=\"elementor-shape-fill\" d=\"M0,6V0h1000v100L0,6z\"\/>\n<\/svg>\t\t<\/div>\n\t\t\t\t\t<div class=\"elementor-container elementor-column-gap-default\">\n\t\t\t\t\t<div class=\"elementor-column elementor-col-100 elementor-top-column elementor-element elementor-element-7d71fa1\" data-id=\"7d71fa1\" data-element_type=\"column\">\n\t\t\t<div class=\"elementor-widget-wrap\">\n\t\t\t\t\t\t\t<\/div>\n\t\t<\/div>\n\t\t\t\t\t<\/div>\n\t\t<\/section>\n\t\t\t\t<\/div>\n\t\t","protected":false},"excerpt":{"rendered":"<p>Ma\u00dfgeschneiderte L\u00f6sungen FLEXIBLER PARTNER VON DER PERSONELLEN UNTERST\u00dcTZUNG BIS ZUM VOLLST\u00c4NDIGEN PROJEKT Kommunikation, Verst\u00e4ndnis und Agilit\u00e4t sind der Schl\u00fcssel zum Ansatz von Technicon Design. Wir schaffen Mehrwert durch unsere Leidenschaft f\u00fcr Design, ein globales Netzwerk, das wir in den letzten 40 Jahren aufgebaut haben, und unser umfassendes Wissen und unsere Erfahrung. Wir verstehen die Branchen, [&hellip;]<\/p>\n","protected":false},"author":4,"featured_media":0,"parent":0,"menu_order":0,"comment_status":"closed","ping_status":"closed","template":"elementor_header_footer","meta":{"footnotes":""},"class_list":["post-2029","page","type-page","status-publish","hentry"],"yoast_head":"<!-- This site is optimized with the Yoast SEO plugin v25.2 - https:\/\/yoast.com\/wordpress\/plugins\/seo\/ -->\n<title>Ma\u00dfgeschneiderte L\u00f6sungen: unterschiedliche Unternehmen, unterschiedliche Bed\u00fcrfnisse<\/title>\n<meta name=\"description\" content=\"Mit ma\u00dfgeschneiderten L\u00f6sungen begleitet Technicon Design Sie durch die verschiedenen Phasen Ihres Projekts. Automative Industrie, Verpackung, Technik und mehr!\" \/>\n<meta name=\"robots\" content=\"index, follow, max-snippet:-1, max-image-preview:large, max-video-preview:-1\" \/>\n<meta property=\"og:locale\" content=\"de_DE\" \/>\n<meta property=\"og:type\" content=\"article\" \/>\n<meta property=\"og:title\" content=\"Ma\u00dfgeschneiderte L\u00f6sungen: unterschiedliche Unternehmen, unterschiedliche Bed\u00fcrfnisse\" \/>\n<meta property=\"og:description\" content=\"Mit ma\u00dfgeschneiderten L\u00f6sungen begleitet Technicon Design Sie durch die verschiedenen Phasen Ihres Projekts. Automative Industrie, Verpackung, Technik und mehr!\" \/>\n<meta property=\"og:url\" content=\"https:\/\/www.technicondesign.com\/de\/massgeschneiderte-loesungen\" \/>\n<meta property=\"og:site_name\" content=\"Technicon\" \/>\n<meta property=\"article:publisher\" content=\"https:\/\/www.facebook.com\/technicondesign\" \/>\n<meta property=\"article:modified_time\" content=\"2022-08-22T16:19:09+00:00\" \/>\n<meta name=\"twitter:card\" content=\"summary_large_image\" \/>\n<meta name=\"twitter:site\" content=\"@TechniconDesign\" \/>\n<meta name=\"twitter:label1\" content=\"Gesch\u00e4tzte Lesezeit\" \/>\n\t<meta name=\"twitter:data1\" content=\"2\u00a0Minuten\" \/>\n<script type=\"application\/ld+json\" class=\"yoast-schema-graph\">{\"@context\":\"https:\/\/schema.org\",\"@graph\":[{\"@type\":\"WebPage\",\"@id\":\"https:\/\/www.technicondesign.com\/de\/massgeschneiderte-loesungen\",\"url\":\"https:\/\/www.technicondesign.com\/de\/massgeschneiderte-loesungen\",\"name\":\"Ma\u00dfgeschneiderte L\u00f6sungen: unterschiedliche Unternehmen, unterschiedliche Bed\u00fcrfnisse\",\"isPartOf\":{\"@id\":\"https:\/\/www.technicondesign.com\/#website\"},\"datePublished\":\"2020-09-08T13:05:49+00:00\",\"dateModified\":\"2022-08-22T16:19:09+00:00\",\"description\":\"Mit ma\u00dfgeschneiderten L\u00f6sungen begleitet Technicon Design Sie durch die verschiedenen Phasen Ihres Projekts. Automative Industrie, Verpackung, Technik und mehr!\",\"breadcrumb\":{\"@id\":\"https:\/\/www.technicondesign.com\/de\/massgeschneiderte-loesungen#breadcrumb\"},\"inLanguage\":\"de\",\"potentialAction\":[{\"@type\":\"ReadAction\",\"target\":[\"https:\/\/www.technicondesign.com\/de\/massgeschneiderte-loesungen\"]}]},{\"@type\":\"BreadcrumbList\",\"@id\":\"https:\/\/www.technicondesign.com\/de\/massgeschneiderte-loesungen#breadcrumb\",\"itemListElement\":[{\"@type\":\"ListItem\",\"position\":1,\"name\":\"Accueil\",\"item\":\"https:\/\/www.technicondesign.com\/de\/homepage\"},{\"@type\":\"ListItem\",\"position\":2,\"name\":\"Ma\u00dfgeschneiderte L\u00f6sungen\"}]},{\"@type\":\"WebSite\",\"@id\":\"https:\/\/www.technicondesign.com\/#website\",\"url\":\"https:\/\/www.technicondesign.com\/\",\"name\":\"Technicon\",\"description\":\"Making ideas real\",\"publisher\":{\"@id\":\"https:\/\/www.technicondesign.com\/#organization\"},\"potentialAction\":[{\"@type\":\"SearchAction\",\"target\":{\"@type\":\"EntryPoint\",\"urlTemplate\":\"https:\/\/www.technicondesign.com\/?s={search_term_string}\"},\"query-input\":{\"@type\":\"PropertyValueSpecification\",\"valueRequired\":true,\"valueName\":\"search_term_string\"}}],\"inLanguage\":\"de\"},{\"@type\":\"Organization\",\"@id\":\"https:\/\/www.technicondesign.com\/#organization\",\"name\":\"Technicon Design\",\"url\":\"https:\/\/www.technicondesign.com\/\",\"logo\":{\"@type\":\"ImageObject\",\"inLanguage\":\"de\",\"@id\":\"https:\/\/www.technicondesign.com\/#\/schema\/logo\/image\/\",\"url\":\"https:\/\/www.technicondesign.com\/wp-content\/uploads\/Picture1.png\",\"contentUrl\":\"https:\/\/www.technicondesign.com\/wp-content\/uploads\/Picture1.png\",\"width\":2950,\"height\":850,\"caption\":\"Technicon Design\"},\"image\":{\"@id\":\"https:\/\/www.technicondesign.com\/#\/schema\/logo\/image\/\"},\"sameAs\":[\"https:\/\/www.facebook.com\/technicondesign\",\"https:\/\/x.com\/TechniconDesign\",\"https:\/\/www.instagram.com\/technicondesign\/\",\"https:\/\/www.linkedin.com\/company\/technicon-design\"]}]}<\/script>\n<!-- \/ Yoast SEO plugin. -->","yoast_head_json":{"title":"Ma\u00dfgeschneiderte L\u00f6sungen: unterschiedliche Unternehmen, unterschiedliche Bed\u00fcrfnisse","description":"Mit ma\u00dfgeschneiderten L\u00f6sungen begleitet Technicon Design Sie durch die verschiedenen Phasen Ihres Projekts. Automative Industrie, Verpackung, Technik und mehr!","robots":{"index":"index","follow":"follow","max-snippet":"max-snippet:-1","max-image-preview":"max-image-preview:large","max-video-preview":"max-video-preview:-1"},"og_locale":"de_DE","og_type":"article","og_title":"Ma\u00dfgeschneiderte L\u00f6sungen: unterschiedliche Unternehmen, unterschiedliche Bed\u00fcrfnisse","og_description":"Mit ma\u00dfgeschneiderten L\u00f6sungen begleitet Technicon Design Sie durch die verschiedenen Phasen Ihres Projekts. Automative Industrie, Verpackung, Technik und mehr!","og_url":"https:\/\/www.technicondesign.com\/de\/massgeschneiderte-loesungen","og_site_name":"Technicon","article_publisher":"https:\/\/www.facebook.com\/technicondesign","article_modified_time":"2022-08-22T16:19:09+00:00","twitter_card":"summary_large_image","twitter_site":"@TechniconDesign","twitter_misc":{"Gesch\u00e4tzte Lesezeit":"2\u00a0Minuten"},"schema":{"@context":"https:\/\/schema.org","@graph":[{"@type":"WebPage","@id":"https:\/\/www.technicondesign.com\/de\/massgeschneiderte-loesungen","url":"https:\/\/www.technicondesign.com\/de\/massgeschneiderte-loesungen","name":"Ma\u00dfgeschneiderte L\u00f6sungen: unterschiedliche Unternehmen, unterschiedliche Bed\u00fcrfnisse","isPartOf":{"@id":"https:\/\/www.technicondesign.com\/#website"},"datePublished":"2020-09-08T13:05:49+00:00","dateModified":"2022-08-22T16:19:09+00:00","description":"Mit ma\u00dfgeschneiderten L\u00f6sungen begleitet Technicon Design Sie durch die verschiedenen Phasen Ihres Projekts. Automative Industrie, Verpackung, Technik und mehr!","breadcrumb":{"@id":"https:\/\/www.technicondesign.com\/de\/massgeschneiderte-loesungen#breadcrumb"},"inLanguage":"de","potentialAction":[{"@type":"ReadAction","target":["https:\/\/www.technicondesign.com\/de\/massgeschneiderte-loesungen"]}]},{"@type":"BreadcrumbList","@id":"https:\/\/www.technicondesign.com\/de\/massgeschneiderte-loesungen#breadcrumb","itemListElement":[{"@type":"ListItem","position":1,"name":"Accueil","item":"https:\/\/www.technicondesign.com\/de\/homepage"},{"@type":"ListItem","position":2,"name":"Ma\u00dfgeschneiderte L\u00f6sungen"}]},{"@type":"WebSite","@id":"https:\/\/www.technicondesign.com\/#website","url":"https:\/\/www.technicondesign.com\/","name":"Technicon","description":"Making ideas real","publisher":{"@id":"https:\/\/www.technicondesign.com\/#organization"},"potentialAction":[{"@type":"SearchAction","target":{"@type":"EntryPoint","urlTemplate":"https:\/\/www.technicondesign.com\/?s={search_term_string}"},"query-input":{"@type":"PropertyValueSpecification","valueRequired":true,"valueName":"search_term_string"}}],"inLanguage":"de"},{"@type":"Organization","@id":"https:\/\/www.technicondesign.com\/#organization","name":"Technicon Design","url":"https:\/\/www.technicondesign.com\/","logo":{"@type":"ImageObject","inLanguage":"de","@id":"https:\/\/www.technicondesign.com\/#\/schema\/logo\/image\/","url":"https:\/\/www.technicondesign.com\/wp-content\/uploads\/Picture1.png","contentUrl":"https:\/\/www.technicondesign.com\/wp-content\/uploads\/Picture1.png","width":2950,"height":850,"caption":"Technicon Design"},"image":{"@id":"https:\/\/www.technicondesign.com\/#\/schema\/logo\/image\/"},"sameAs":["https:\/\/www.facebook.com\/technicondesign","https:\/\/x.com\/TechniconDesign","https:\/\/www.instagram.com\/technicondesign\/","https:\/\/www.linkedin.com\/company\/technicon-design"]}]}},"_links":{"self":[{"href":"https:\/\/www.technicondesign.com\/de\/wp-json\/wp\/v2\/pages\/2029","targetHints":{"allow":["GET"]}}],"collection":[{"href":"https:\/\/www.technicondesign.com\/de\/wp-json\/wp\/v2\/pages"}],"about":[{"href":"https:\/\/www.technicondesign.com\/de\/wp-json\/wp\/v2\/types\/page"}],"author":[{"embeddable":true,"href":"https:\/\/www.technicondesign.com\/de\/wp-json\/wp\/v2\/users\/4"}],"replies":[{"embeddable":true,"href":"https:\/\/www.technicondesign.com\/de\/wp-json\/wp\/v2\/comments?post=2029"}],"version-history":[{"count":2,"href":"https:\/\/www.technicondesign.com\/de\/wp-json\/wp\/v2\/pages\/2029\/revisions"}],"predecessor-version":[{"id":2031,"href":"https:\/\/www.technicondesign.com\/de\/wp-json\/wp\/v2\/pages\/2029\/revisions\/2031"}],"wp:attachment":[{"href":"https:\/\/www.technicondesign.com\/de\/wp-json\/wp\/v2\/media?parent=2029"}],"curies":[{"name":"wp","href":"https:\/\/api.w.org\/{rel}","templated":true}]}}