{"id":4271,"date":"2018-11-25T18:55:04","date_gmt":"2018-11-25T17:55:04","guid":{"rendered":"https:\/\/www.technicondesign.com\/homepage"},"modified":"2022-08-29T09:59:49","modified_gmt":"2022-08-29T07:59:49","slug":"homepage","status":"publish","type":"page","link":"https:\/\/www.technicondesign.com\/de","title":{"rendered":"Homepage"},"content":{"rendered":"\t\t<div data-elementor-type=\"wp-page\" data-elementor-id=\"4271\" class=\"elementor elementor-4271 elementor-24\" data-elementor-post-type=\"page\">\n\t\t\t\t\t\t<section class=\"elementor-section elementor-top-section elementor-element elementor-element-0d6bbc5 elementor-section-full_width elementor-section-height-min-height elementor-section-height-default elementor-section-items-middle\" data-id=\"0d6bbc5\" data-element_type=\"section\" data-settings=\"{&quot;background_background&quot;:&quot;slideshow&quot;,&quot;background_slideshow_gallery&quot;:[{&quot;id&quot;:902,&quot;url&quot;:&quot;https:\\\/\\\/www.technicondesign.com\\\/wp-content\\\/uploads\\\/technicon-design-home-2.jpg&quot;},{&quot;id&quot;:901,&quot;url&quot;:&quot;https:\\\/\\\/www.technicondesign.com\\\/wp-content\\\/uploads\\\/technicon-design-home-1.jpg&quot;},{&quot;id&quot;:903,&quot;url&quot;:&quot;https:\\\/\\\/www.technicondesign.com\\\/wp-content\\\/uploads\\\/technicon-design-home-3.jpg&quot;},{&quot;id&quot;:158,&quot;url&quot;:&quot;https:\\\/\\\/www.technicondesign.com\\\/wp-content\\\/uploads\\\/technicon-homepage.jpg&quot;},{&quot;id&quot;:240,&quot;url&quot;:&quot;https:\\\/\\\/www.technicondesign.com\\\/wp-content\\\/uploads\\\/technicon-homepage-3.jpg&quot;},{&quot;id&quot;:900,&quot;url&quot;:&quot;https:\\\/\\\/www.technicondesign.com\\\/wp-content\\\/uploads\\\/technicon-design-home-5.jpg&quot;}],&quot;background_slideshow_loop&quot;:&quot;yes&quot;,&quot;background_slideshow_slide_duration&quot;:5000,&quot;background_slideshow_slide_transition&quot;:&quot;fade&quot;,&quot;background_slideshow_transition_duration&quot;:500}\">\n\t\t\t\t\t\t\t<div class=\"elementor-background-overlay\"><\/div>\n\t\t\t\t\t\t\t<div class=\"elementor-container elementor-column-gap-default\">\n\t\t\t\t\t<div class=\"elementor-column elementor-col-50 elementor-top-column elementor-element elementor-element-3286a3b elementor-hidden-tablet elementor-hidden-phone\" data-id=\"3286a3b\" data-element_type=\"column\">\n\t\t\t<div class=\"elementor-widget-wrap\">\n\t\t\t\t\t\t\t<\/div>\n\t\t<\/div>\n\t\t\t\t<div class=\"elementor-column elementor-col-50 elementor-top-column elementor-element elementor-element-76236b5 animated-slow elementor-invisible\" data-id=\"76236b5\" data-element_type=\"column\" data-settings=\"{&quot;motion_fx_motion_fx_mouse&quot;:&quot;yes&quot;,&quot;animation&quot;:&quot;fadeInRight&quot;}\">\n\t\t\t<div class=\"elementor-widget-wrap elementor-element-populated\">\n\t\t\t\t\t\t<div class=\"elementor-element elementor-element-21b8c91 elementor-widget elementor-widget-heading\" data-id=\"21b8c91\" data-element_type=\"widget\" data-widget_type=\"heading.default\">\n\t\t\t\t<div class=\"elementor-widget-container\">\n\t\t\t\t\t<h1 class=\"elementor-heading-title elementor-size-default\">Ideen verwirklichen<\/h1>\t\t\t\t<\/div>\n\t\t\t\t<\/div>\n\t\t\t\t\t<\/div>\n\t\t<\/div>\n\t\t\t\t\t<\/div>\n\t\t<\/section>\n\t\t\t\t<\/div>\n\t\t","protected":false},"excerpt":{"rendered":"<p>Ideen verwirklichen<\/p>\n","protected":false},"author":4,"featured_media":0,"parent":0,"menu_order":0,"comment_status":"closed","ping_status":"closed","template":"elementor_header_footer","meta":{"footnotes":""},"class_list":["post-4271","page","type-page","status-publish","hentry"],"yoast_head":"<!-- This site is optimized with the Yoast SEO plugin v25.2 - https:\/\/yoast.com\/wordpress\/plugins\/seo\/ -->\n<title>Industriedesign von Technicon: Der Experte, den Sie brauchen<\/title>\n<meta name=\"description\" content=\"Industriedesign ist unser Kerngesch\u00e4ft. Als weltweit t\u00e4tiges Unternehmen erf\u00fcllt Technicon Design Ihre Bed\u00fcrfnisse mit innovativen, ma\u00dfgeschneiderten und technischen L\u00f6sungen.\" \/>\n<meta name=\"robots\" content=\"index, follow, max-snippet:-1, max-image-preview:large, max-video-preview:-1\" \/>\n<meta property=\"og:locale\" content=\"de_DE\" \/>\n<meta property=\"og:type\" content=\"article\" \/>\n<meta property=\"og:title\" content=\"Industriedesign von Technicon: Der Experte, den Sie brauchen\" \/>\n<meta property=\"og:description\" content=\"Industriedesign ist unser Kerngesch\u00e4ft. Als weltweit t\u00e4tiges Unternehmen erf\u00fcllt Technicon Design Ihre Bed\u00fcrfnisse mit innovativen, ma\u00dfgeschneiderten und technischen L\u00f6sungen.\" \/>\n<meta property=\"og:url\" content=\"https:\/\/www.technicondesign.com\/de\/homepage\" \/>\n<meta property=\"og:site_name\" content=\"Technicon\" \/>\n<meta property=\"article:publisher\" content=\"https:\/\/www.facebook.com\/technicondesign\" \/>\n<meta property=\"article:modified_time\" content=\"2022-08-29T07:59:49+00:00\" \/>\n<meta name=\"twitter:card\" content=\"summary_large_image\" \/>\n<meta name=\"twitter:site\" content=\"@TechniconDesign\" \/>\n<script type=\"application\/ld+json\" class=\"yoast-schema-graph\">{\"@context\":\"https:\/\/schema.org\",\"@graph\":[{\"@type\":\"WebPage\",\"@id\":\"https:\/\/www.technicondesign.com\/de\/homepage\",\"url\":\"https:\/\/www.technicondesign.com\/de\/homepage\",\"name\":\"Industriedesign von Technicon: Der Experte, den Sie brauchen\",\"isPartOf\":{\"@id\":\"https:\/\/www.technicondesign.com\/#website\"},\"datePublished\":\"2018-11-25T17:55:04+00:00\",\"dateModified\":\"2022-08-29T07:59:49+00:00\",\"description\":\"Industriedesign ist unser Kerngesch\u00e4ft. Als weltweit t\u00e4tiges Unternehmen erf\u00fcllt Technicon Design Ihre Bed\u00fcrfnisse mit innovativen, ma\u00dfgeschneiderten und technischen L\u00f6sungen.\",\"breadcrumb\":{\"@id\":\"https:\/\/www.technicondesign.com\/de\/homepage#breadcrumb\"},\"inLanguage\":\"de\",\"potentialAction\":[{\"@type\":\"ReadAction\",\"target\":[\"https:\/\/www.technicondesign.com\/de\/homepage\"]}]},{\"@type\":\"BreadcrumbList\",\"@id\":\"https:\/\/www.technicondesign.com\/de\/homepage#breadcrumb\",\"itemListElement\":[{\"@type\":\"ListItem\",\"position\":1,\"name\":\"Accueil\",\"item\":\"https:\/\/www.technicondesign.com\/de\/homepage\"},{\"@type\":\"ListItem\",\"position\":2,\"name\":\"Homepage\"}]},{\"@type\":\"WebSite\",\"@id\":\"https:\/\/www.technicondesign.com\/#website\",\"url\":\"https:\/\/www.technicondesign.com\/\",\"name\":\"Technicon\",\"description\":\"Making ideas real\",\"publisher\":{\"@id\":\"https:\/\/www.technicondesign.com\/#organization\"},\"potentialAction\":[{\"@type\":\"SearchAction\",\"target\":{\"@type\":\"EntryPoint\",\"urlTemplate\":\"https:\/\/www.technicondesign.com\/?s={search_term_string}\"},\"query-input\":{\"@type\":\"PropertyValueSpecification\",\"valueRequired\":true,\"valueName\":\"search_term_string\"}}],\"inLanguage\":\"de\"},{\"@type\":\"Organization\",\"@id\":\"https:\/\/www.technicondesign.com\/#organization\",\"name\":\"Technicon Design\",\"url\":\"https:\/\/www.technicondesign.com\/\",\"logo\":{\"@type\":\"ImageObject\",\"inLanguage\":\"de\",\"@id\":\"https:\/\/www.technicondesign.com\/#\/schema\/logo\/image\/\",\"url\":\"https:\/\/www.technicondesign.com\/wp-content\/uploads\/Picture1.png\",\"contentUrl\":\"https:\/\/www.technicondesign.com\/wp-content\/uploads\/Picture1.png\",\"width\":2950,\"height\":850,\"caption\":\"Technicon Design\"},\"image\":{\"@id\":\"https:\/\/www.technicondesign.com\/#\/schema\/logo\/image\/\"},\"sameAs\":[\"https:\/\/www.facebook.com\/technicondesign\",\"https:\/\/x.com\/TechniconDesign\",\"https:\/\/www.instagram.com\/technicondesign\/\",\"https:\/\/www.linkedin.com\/company\/technicon-design\"]}]}<\/script>\n<!-- \/ Yoast SEO plugin. -->","yoast_head_json":{"title":"Industriedesign von Technicon: Der Experte, den Sie brauchen","description":"Industriedesign ist unser Kerngesch\u00e4ft. Als weltweit t\u00e4tiges Unternehmen erf\u00fcllt Technicon Design Ihre Bed\u00fcrfnisse mit innovativen, ma\u00dfgeschneiderten und technischen L\u00f6sungen.","robots":{"index":"index","follow":"follow","max-snippet":"max-snippet:-1","max-image-preview":"max-image-preview:large","max-video-preview":"max-video-preview:-1"},"og_locale":"de_DE","og_type":"article","og_title":"Industriedesign von Technicon: Der Experte, den Sie brauchen","og_description":"Industriedesign ist unser Kerngesch\u00e4ft. Als weltweit t\u00e4tiges Unternehmen erf\u00fcllt Technicon Design Ihre Bed\u00fcrfnisse mit innovativen, ma\u00dfgeschneiderten und technischen L\u00f6sungen.","og_url":"https:\/\/www.technicondesign.com\/de\/homepage","og_site_name":"Technicon","article_publisher":"https:\/\/www.facebook.com\/technicondesign","article_modified_time":"2022-08-29T07:59:49+00:00","twitter_card":"summary_large_image","twitter_site":"@TechniconDesign","schema":{"@context":"https:\/\/schema.org","@graph":[{"@type":"WebPage","@id":"https:\/\/www.technicondesign.com\/de\/homepage","url":"https:\/\/www.technicondesign.com\/de\/homepage","name":"Industriedesign von Technicon: Der Experte, den Sie brauchen","isPartOf":{"@id":"https:\/\/www.technicondesign.com\/#website"},"datePublished":"2018-11-25T17:55:04+00:00","dateModified":"2022-08-29T07:59:49+00:00","description":"Industriedesign ist unser Kerngesch\u00e4ft. Als weltweit t\u00e4tiges Unternehmen erf\u00fcllt Technicon Design Ihre Bed\u00fcrfnisse mit innovativen, ma\u00dfgeschneiderten und technischen L\u00f6sungen.","breadcrumb":{"@id":"https:\/\/www.technicondesign.com\/de\/homepage#breadcrumb"},"inLanguage":"de","potentialAction":[{"@type":"ReadAction","target":["https:\/\/www.technicondesign.com\/de\/homepage"]}]},{"@type":"BreadcrumbList","@id":"https:\/\/www.technicondesign.com\/de\/homepage#breadcrumb","itemListElement":[{"@type":"ListItem","position":1,"name":"Accueil","item":"https:\/\/www.technicondesign.com\/de\/homepage"},{"@type":"ListItem","position":2,"name":"Homepage"}]},{"@type":"WebSite","@id":"https:\/\/www.technicondesign.com\/#website","url":"https:\/\/www.technicondesign.com\/","name":"Technicon","description":"Making ideas real","publisher":{"@id":"https:\/\/www.technicondesign.com\/#organization"},"potentialAction":[{"@type":"SearchAction","target":{"@type":"EntryPoint","urlTemplate":"https:\/\/www.technicondesign.com\/?s={search_term_string}"},"query-input":{"@type":"PropertyValueSpecification","valueRequired":true,"valueName":"search_term_string"}}],"inLanguage":"de"},{"@type":"Organization","@id":"https:\/\/www.technicondesign.com\/#organization","name":"Technicon Design","url":"https:\/\/www.technicondesign.com\/","logo":{"@type":"ImageObject","inLanguage":"de","@id":"https:\/\/www.technicondesign.com\/#\/schema\/logo\/image\/","url":"https:\/\/www.technicondesign.com\/wp-content\/uploads\/Picture1.png","contentUrl":"https:\/\/www.technicondesign.com\/wp-content\/uploads\/Picture1.png","width":2950,"height":850,"caption":"Technicon Design"},"image":{"@id":"https:\/\/www.technicondesign.com\/#\/schema\/logo\/image\/"},"sameAs":["https:\/\/www.facebook.com\/technicondesign","https:\/\/x.com\/TechniconDesign","https:\/\/www.instagram.com\/technicondesign\/","https:\/\/www.linkedin.com\/company\/technicon-design"]}]}},"_links":{"self":[{"href":"https:\/\/www.technicondesign.com\/de\/wp-json\/wp\/v2\/pages\/4271","targetHints":{"allow":["GET"]}}],"collection":[{"href":"https:\/\/www.technicondesign.com\/de\/wp-json\/wp\/v2\/pages"}],"about":[{"href":"https:\/\/www.technicondesign.com\/de\/wp-json\/wp\/v2\/types\/page"}],"author":[{"embeddable":true,"href":"https:\/\/www.technicondesign.com\/de\/wp-json\/wp\/v2\/users\/4"}],"replies":[{"embeddable":true,"href":"https:\/\/www.technicondesign.com\/de\/wp-json\/wp\/v2\/comments?post=4271"}],"version-history":[{"count":1,"href":"https:\/\/www.technicondesign.com\/de\/wp-json\/wp\/v2\/pages\/4271\/revisions"}],"predecessor-version":[{"id":4273,"href":"https:\/\/www.technicondesign.com\/de\/wp-json\/wp\/v2\/pages\/4271\/revisions\/4273"}],"wp:attachment":[{"href":"https:\/\/www.technicondesign.com\/de\/wp-json\/wp\/v2\/media?parent=4271"}],"curies":[{"name":"wp","href":"https:\/\/api.w.org\/{rel}","templated":true}]}}