{"id":4238,"date":"2020-09-08T15:05:49","date_gmt":"2020-09-08T13:05:49","guid":{"rendered":"https:\/\/www.technicondesign.com\/soluciones-a-medida"},"modified":"2022-08-22T18:40:45","modified_gmt":"2022-08-22T16:40:45","slug":"soluciones-a-medida","status":"publish","type":"page","link":"https:\/\/www.technicondesign.com\/es\/soluciones-a-medida","title":{"rendered":"Soluciones a medida"},"content":{"rendered":"\t\t<div data-elementor-type=\"wp-page\" data-elementor-id=\"4238\" class=\"elementor elementor-4238 elementor-116\" data-elementor-post-type=\"page\">\n\t\t\t\t\t\t<section class=\"elementor-section elementor-top-section elementor-element elementor-element-6d50c79 elementor-section-height-min-height elementor-section-boxed elementor-section-height-default elementor-section-items-middle elementor-invisible\" data-id=\"6d50c79\" data-element_type=\"section\" data-settings=\"{&quot;background_background&quot;:&quot;classic&quot;,&quot;shape_divider_bottom&quot;:&quot;triangle-asymmetrical&quot;,&quot;shape_divider_bottom_negative&quot;:&quot;yes&quot;,&quot;animation&quot;:&quot;fadeInDown&quot;}\">\n\t\t\t\t\t\t\t<div class=\"elementor-background-overlay\"><\/div>\n\t\t\t\t\t\t<div class=\"elementor-shape elementor-shape-bottom\" aria-hidden=\"true\" data-negative=\"true\">\n\t\t\t<svg xmlns=\"http:\/\/www.w3.org\/2000\/svg\" viewBox=\"0 0 1000 100\" preserveAspectRatio=\"none\">\n\t<path class=\"elementor-shape-fill\" d=\"M737.9,94.7L0,0v100h1000V0L737.9,94.7z\"\/>\n<\/svg>\t\t<\/div>\n\t\t\t\t\t<div class=\"elementor-container elementor-column-gap-default\">\n\t\t\t\t\t<div class=\"elementor-column elementor-col-100 elementor-top-column elementor-element elementor-element-ed8a05b\" data-id=\"ed8a05b\" data-element_type=\"column\">\n\t\t\t<div class=\"elementor-widget-wrap elementor-element-populated\">\n\t\t\t\t\t\t<div class=\"elementor-element elementor-element-8d26811 elementor-widget elementor-widget-heading\" data-id=\"8d26811\" data-element_type=\"widget\" data-widget_type=\"heading.default\">\n\t\t\t\t<div class=\"elementor-widget-container\">\n\t\t\t\t\t<h1 class=\"elementor-heading-title elementor-size-default\">Soluciones a medida<\/h1>\t\t\t\t<\/div>\n\t\t\t\t<\/div>\n\t\t\t\t\t<\/div>\n\t\t<\/div>\n\t\t\t\t\t<\/div>\n\t\t<\/section>\n\t\t\t\t<section class=\"elementor-section elementor-top-section elementor-element elementor-element-09f751a elementor-section-boxed elementor-section-height-default elementor-section-height-default elementor-invisible\" data-id=\"09f751a\" data-element_type=\"section\" data-settings=\"{&quot;background_background&quot;:&quot;classic&quot;,&quot;shape_divider_bottom&quot;:&quot;tilt&quot;,&quot;animation&quot;:&quot;fadeInDown&quot;}\">\n\t\t\t\t\t<div class=\"elementor-shape elementor-shape-bottom\" aria-hidden=\"true\" data-negative=\"false\">\n\t\t\t<svg xmlns=\"http:\/\/www.w3.org\/2000\/svg\" viewBox=\"0 0 1000 100\" preserveAspectRatio=\"none\">\n\t<path class=\"elementor-shape-fill\" d=\"M0,6V0h1000v100L0,6z\"\/>\n<\/svg>\t\t<\/div>\n\t\t\t\t\t<div class=\"elementor-container elementor-column-gap-default\">\n\t\t\t\t\t<div class=\"elementor-column elementor-col-100 elementor-top-column elementor-element elementor-element-e209b6f elementor-invisible\" data-id=\"e209b6f\" data-element_type=\"column\" data-settings=\"{&quot;background_background&quot;:&quot;classic&quot;,&quot;animation&quot;:&quot;fadeInRight&quot;}\">\n\t\t\t<div class=\"elementor-widget-wrap elementor-element-populated\">\n\t\t\t\t\t<div class=\"elementor-background-overlay\"><\/div>\n\t\t\t\t\t\t<div class=\"elementor-element elementor-element-ac22015 elementor-widget elementor-widget-heading\" data-id=\"ac22015\" data-element_type=\"widget\" data-widget_type=\"heading.default\">\n\t\t\t\t<div class=\"elementor-widget-container\">\n\t\t\t\t\t<h2 class=\"elementor-heading-title elementor-size-default\">SOCIO FLEXIBLE, DESDE EL APOYO AL PERSONAL HASTA EL PROYECTO COMPLETO<\/h2>\t\t\t\t<\/div>\n\t\t\t\t<\/div>\n\t\t\t\t<div class=\"elementor-element elementor-element-4ffad16 elementor-widget elementor-widget-text-editor\" data-id=\"4ffad16\" data-element_type=\"widget\" data-widget_type=\"text-editor.default\">\n\t\t\t\t<div class=\"elementor-widget-container\">\n\t\t\t\t\t\t\t\t\t<p>La comunicaci\u00f3n, la comprensi\u00f3n y la agilidad son la clave del enfoque de Technicon Design. A\u00f1adimos valor a trav\u00e9s de nuestra pasi\u00f3n por el dise\u00f1o, una red global desarrollada durante los \u00faltimos 40 a\u00f1os y nuestros amplios conocimientos y experiencia. Entendemos los sectores que representamos.<\/p>\t\t\t\t\t\t\t\t<\/div>\n\t\t\t\t<\/div>\n\t\t\t\t\t<\/div>\n\t\t<\/div>\n\t\t\t\t\t<\/div>\n\t\t<\/section>\n\t\t\t\t<section class=\"elementor-section elementor-top-section elementor-element elementor-element-405bbad elementor-section-boxed elementor-section-height-default elementor-section-height-default\" data-id=\"405bbad\" data-element_type=\"section\" data-settings=\"{&quot;background_background&quot;:&quot;classic&quot;,&quot;shape_divider_top&quot;:&quot;tilt&quot;}\">\n\t\t\t\t\t<div class=\"elementor-shape elementor-shape-top\" aria-hidden=\"true\" data-negative=\"false\">\n\t\t\t<svg xmlns=\"http:\/\/www.w3.org\/2000\/svg\" viewBox=\"0 0 1000 100\" preserveAspectRatio=\"none\">\n\t<path class=\"elementor-shape-fill\" d=\"M0,6V0h1000v100L0,6z\"\/>\n<\/svg>\t\t<\/div>\n\t\t\t\t\t<div class=\"elementor-container elementor-column-gap-default\">\n\t\t\t\t\t<div class=\"elementor-column elementor-col-100 elementor-top-column elementor-element elementor-element-a830617 elementor-invisible\" data-id=\"a830617\" data-element_type=\"column\" data-settings=\"{&quot;animation&quot;:&quot;fadeIn&quot;}\">\n\t\t\t<div class=\"elementor-widget-wrap elementor-element-populated\">\n\t\t\t\t\t\t<div class=\"elementor-element elementor-element-0ded8ba elementor-widget elementor-widget-heading\" data-id=\"0ded8ba\" data-element_type=\"widget\" data-widget_type=\"heading.default\">\n\t\t\t\t<div class=\"elementor-widget-container\">\n\t\t\t\t\t<h2 class=\"elementor-heading-title elementor-size-default\">Apoyo de personal experto  <\/h2>\t\t\t\t<\/div>\n\t\t\t\t<\/div>\n\t\t\t\t<div class=\"elementor-element elementor-element-d392d30 elementor-widget elementor-widget-heading\" data-id=\"d392d30\" data-element_type=\"widget\" data-widget_type=\"heading.default\">\n\t\t\t\t<div class=\"elementor-widget-container\">\n\t\t\t\t\t<p class=\"elementor-heading-title elementor-size-default\">UNO DE LOS PRINCIPALES PROVEEDORES MUNDIALES DE SERVICIOS DE CONTRATACI\u00d3N PARA LA INDUSTRIA DEL DISE\u00d1O<\/p>\t\t\t\t<\/div>\n\t\t\t\t<\/div>\n\t\t\t\t<div class=\"elementor-element elementor-element-ce2f453 elementor-widget elementor-widget-text-editor\" data-id=\"ce2f453\" data-element_type=\"widget\" data-widget_type=\"text-editor.default\">\n\t\t\t\t<div class=\"elementor-widget-container\">\n\t\t\t\t\t\t\t\t\t<p>Desde 1978, Technicon Design ha contratado a especialistas en dise\u00f1o para muchos de los principales fabricantes de equipos originales y proveedores del sector.<\/p><p>Estamos orgullosos de ser uno de los principales proveedores de servicios de contrataci\u00f3n de personal para las industrias del dise\u00f1o.<\/p><p>Apoyamos a los especialistas en todas las disciplinas principales del proceso de dise\u00f1o.<\/p><p>Tenemos un amplio conocimiento del mercado &#8211; Esto nos permite crear combinaciones que encajen y trabajen juntas haciendo equipos eficaces y de alto rendimiento.<\/p>\t\t\t\t\t\t\t\t<\/div>\n\t\t\t\t<\/div>\n\t\t\t\t\t<\/div>\n\t\t<\/div>\n\t\t\t\t\t<\/div>\n\t\t<\/section>\n\t\t\t\t<section class=\"elementor-section elementor-top-section elementor-element elementor-element-50b546b elementor-section-height-min-height elementor-section-boxed elementor-section-height-default elementor-section-items-middle\" data-id=\"50b546b\" data-element_type=\"section\" data-settings=\"{&quot;background_background&quot;:&quot;classic&quot;,&quot;background_motion_fx_motion_fx_scrolling&quot;:&quot;yes&quot;,&quot;background_motion_fx_scale_effect&quot;:&quot;yes&quot;,&quot;background_motion_fx_scale_speed&quot;:{&quot;unit&quot;:&quot;px&quot;,&quot;size&quot;:3,&quot;sizes&quot;:[]},&quot;background_motion_fx_range&quot;:&quot;viewport&quot;,&quot;shape_divider_top&quot;:&quot;triangle-asymmetrical&quot;,&quot;shape_divider_bottom&quot;:&quot;tilt&quot;,&quot;background_motion_fx_scale_direction&quot;:&quot;out-in&quot;,&quot;background_motion_fx_scale_range&quot;:{&quot;unit&quot;:&quot;%&quot;,&quot;size&quot;:&quot;&quot;,&quot;sizes&quot;:{&quot;start&quot;:20,&quot;end&quot;:80}},&quot;background_motion_fx_devices&quot;:[&quot;desktop&quot;,&quot;tablet&quot;,&quot;mobile&quot;]}\">\n\t\t\t\t\t\t\t<div class=\"elementor-background-overlay\"><\/div>\n\t\t\t\t\t\t<div class=\"elementor-shape elementor-shape-top\" aria-hidden=\"true\" data-negative=\"false\">\n\t\t\t<svg xmlns=\"http:\/\/www.w3.org\/2000\/svg\" viewBox=\"0 0 1000 100\" preserveAspectRatio=\"none\">\n\t<path class=\"elementor-shape-fill\" d=\"M738,99l262-93V0H0v5.6L738,99z\"\/>\n<\/svg>\t\t<\/div>\n\t\t\t\t<div class=\"elementor-shape elementor-shape-bottom\" aria-hidden=\"true\" data-negative=\"false\">\n\t\t\t<svg xmlns=\"http:\/\/www.w3.org\/2000\/svg\" viewBox=\"0 0 1000 100\" preserveAspectRatio=\"none\">\n\t<path class=\"elementor-shape-fill\" d=\"M0,6V0h1000v100L0,6z\"\/>\n<\/svg>\t\t<\/div>\n\t\t\t\t\t<div class=\"elementor-container elementor-column-gap-default\">\n\t\t\t\t\t<div class=\"elementor-column elementor-col-100 elementor-top-column elementor-element elementor-element-82abfd2\" data-id=\"82abfd2\" data-element_type=\"column\">\n\t\t\t<div class=\"elementor-widget-wrap\">\n\t\t\t\t\t\t\t<\/div>\n\t\t<\/div>\n\t\t\t\t\t<\/div>\n\t\t<\/section>\n\t\t\t\t<section class=\"elementor-section elementor-top-section elementor-element elementor-element-0f0f42e elementor-section-boxed elementor-section-height-default elementor-section-height-default\" data-id=\"0f0f42e\" data-element_type=\"section\">\n\t\t\t\t\t\t<div class=\"elementor-container elementor-column-gap-default\">\n\t\t\t\t\t<div class=\"elementor-column elementor-col-50 elementor-top-column elementor-element elementor-element-69c0044\" data-id=\"69c0044\" data-element_type=\"column\">\n\t\t\t<div class=\"elementor-widget-wrap elementor-element-populated\">\n\t\t\t\t\t\t<div class=\"elementor-element elementor-element-0bdac24 elementor-widget elementor-widget-heading\" data-id=\"0bdac24\" data-element_type=\"widget\" data-widget_type=\"heading.default\">\n\t\t\t\t<div class=\"elementor-widget-container\">\n\t\t\t\t\t<h2 class=\"elementor-heading-title elementor-size-default\">APOYO AL DESARROLLO DE PROYECTOS DE DISE\u00d1O<\/h2>\t\t\t\t<\/div>\n\t\t\t\t<\/div>\n\t\t\t\t<div class=\"elementor-element elementor-element-6b027bf elementor-widget elementor-widget-text-editor\" data-id=\"6b027bf\" data-element_type=\"widget\" data-widget_type=\"text-editor.default\">\n\t\t\t\t<div class=\"elementor-widget-container\">\n\t\t\t\t\t\t\t\t\t<p>Nos comprometemos a satisfacer sus necesidades con la mayor precisi\u00f3n posible.<\/p><p>Nuestra flexibilidad es nuestra fuerza. Podemos concebir todo o parte de su proyecto de dise\u00f1o, en sus oficinas o en nuestros propios estudios, con total autonom\u00eda o en estrecha colaboraci\u00f3n con sus equipos. Sean cuales sean las circunstancias, nos mueve el compromiso con los resultados. Nuestro objetivo siempre ha sido el mismo: apoyar y mejorar su rendimiento industrial.<\/p>\t\t\t\t\t\t\t\t<\/div>\n\t\t\t\t<\/div>\n\t\t\t\t\t<\/div>\n\t\t<\/div>\n\t\t\t\t<div class=\"elementor-column elementor-col-50 elementor-top-column elementor-element elementor-element-4b48bf8 animated-slow elementor-invisible\" data-id=\"4b48bf8\" data-element_type=\"column\" data-settings=\"{&quot;background_background&quot;:&quot;classic&quot;,&quot;animation&quot;:&quot;fadeIn&quot;}\">\n\t\t\t<div class=\"elementor-widget-wrap elementor-element-populated\">\n\t\t\t\t\t\t<div class=\"elementor-element elementor-element-6d4fdbe elementor-widget elementor-widget-spacer\" data-id=\"6d4fdbe\" data-element_type=\"widget\" data-widget_type=\"spacer.default\">\n\t\t\t\t<div class=\"elementor-widget-container\">\n\t\t\t\t\t\t\t<div class=\"elementor-spacer\">\n\t\t\t<div class=\"elementor-spacer-inner\"><\/div>\n\t\t<\/div>\n\t\t\t\t\t\t<\/div>\n\t\t\t\t<\/div>\n\t\t\t\t\t<\/div>\n\t\t<\/div>\n\t\t\t\t\t<\/div>\n\t\t<\/section>\n\t\t\t\t<section class=\"elementor-section elementor-top-section elementor-element elementor-element-3b780d3 elementor-section-boxed elementor-section-height-default elementor-section-height-default\" data-id=\"3b780d3\" data-element_type=\"section\" data-settings=\"{&quot;background_background&quot;:&quot;classic&quot;,&quot;shape_divider_top&quot;:&quot;triangle&quot;,&quot;shape_divider_top_negative&quot;:&quot;yes&quot;}\">\n\t\t\t\t\t<div class=\"elementor-shape elementor-shape-top\" aria-hidden=\"true\" data-negative=\"true\">\n\t\t\t<svg xmlns=\"http:\/\/www.w3.org\/2000\/svg\" viewBox=\"0 0 1000 100\" preserveAspectRatio=\"none\">\n\t<path class=\"elementor-shape-fill\" d=\"M500.2,94.7L0,0v100h1000V0L500.2,94.7z\"\/>\n<\/svg>\t\t<\/div>\n\t\t\t\t\t<div class=\"elementor-container elementor-column-gap-default\">\n\t\t\t\t\t<div class=\"elementor-column elementor-col-100 elementor-top-column elementor-element elementor-element-bf5709c elementor-invisible\" data-id=\"bf5709c\" data-element_type=\"column\" data-settings=\"{&quot;animation&quot;:&quot;fadeInLeft&quot;}\">\n\t\t\t<div class=\"elementor-widget-wrap elementor-element-populated\">\n\t\t\t\t\t\t<div class=\"elementor-element elementor-element-68d79a3 elementor-widget elementor-widget-heading\" data-id=\"68d79a3\" data-element_type=\"widget\" data-widget_type=\"heading.default\">\n\t\t\t\t<div class=\"elementor-widget-container\">\n\t\t\t\t\t<h2 class=\"elementor-heading-title elementor-size-default\">Soporte de dise\u00f1o e ingenier\u00eda  <\/h2>\t\t\t\t<\/div>\n\t\t\t\t<\/div>\n\t\t\t\t<div class=\"elementor-element elementor-element-fe19f38 elementor-widget elementor-widget-text-editor\" data-id=\"fe19f38\" data-element_type=\"widget\" data-widget_type=\"text-editor.default\">\n\t\t\t\t<div class=\"elementor-widget-container\">\n\t\t\t\t\t\t\t\t\t<p>El dise\u00f1o es un vasto dominio que es mucho m\u00e1s que un simple estilo. Se trata de un complejo proceso integrado, del que el estilismo constituye s\u00f3lo un elemento. Lo que Technicon Design ofrece es un servicio que abarca el dise\u00f1o en su totalidad; de arriba a abajo y de extremo a extremo.<\/p><p>La uni\u00f3n de Technicon Design y el Grupo SEGULA ha generado una aut\u00e9ntica integraci\u00f3n vertical de competencias, herramientas y m\u00e9todos. Ya sea con su propio equipo o con un equipo combinado, la integraci\u00f3n permite el desarrollo completo del producto de la A a la Z: desde el estilo inicial hasta el dise\u00f1o de las cadenas de producci\u00f3n, pasando por una serie de pasos que incluyen la creaci\u00f3n de prototipos, la viabilidad t\u00e9cnica y econ\u00f3mica, el an\u00e1lisis de marketing y el apoyo a la comunicaci\u00f3n.<\/p><p> <\/p>\t\t\t\t\t\t\t\t<\/div>\n\t\t\t\t<\/div>\n\t\t\t\t\t<\/div>\n\t\t<\/div>\n\t\t\t\t\t<\/div>\n\t\t<\/section>\n\t\t\t\t<section class=\"elementor-section elementor-top-section elementor-element elementor-element-410f6b9 elementor-section-height-min-height elementor-section-boxed elementor-section-height-default elementor-section-items-middle\" data-id=\"410f6b9\" data-element_type=\"section\" data-settings=\"{&quot;background_background&quot;:&quot;classic&quot;,&quot;background_motion_fx_motion_fx_scrolling&quot;:&quot;yes&quot;,&quot;background_motion_fx_scale_effect&quot;:&quot;yes&quot;,&quot;background_motion_fx_scale_speed&quot;:{&quot;unit&quot;:&quot;px&quot;,&quot;size&quot;:3,&quot;sizes&quot;:[]},&quot;background_motion_fx_range&quot;:&quot;viewport&quot;,&quot;shape_divider_top&quot;:&quot;triangle-asymmetrical&quot;,&quot;shape_divider_bottom&quot;:&quot;tilt&quot;,&quot;background_motion_fx_scale_direction&quot;:&quot;out-in&quot;,&quot;background_motion_fx_scale_range&quot;:{&quot;unit&quot;:&quot;%&quot;,&quot;size&quot;:&quot;&quot;,&quot;sizes&quot;:{&quot;start&quot;:20,&quot;end&quot;:80}},&quot;background_motion_fx_devices&quot;:[&quot;desktop&quot;,&quot;tablet&quot;,&quot;mobile&quot;]}\">\n\t\t\t\t\t\t\t<div class=\"elementor-background-overlay\"><\/div>\n\t\t\t\t\t\t<div class=\"elementor-shape elementor-shape-top\" aria-hidden=\"true\" data-negative=\"false\">\n\t\t\t<svg xmlns=\"http:\/\/www.w3.org\/2000\/svg\" viewBox=\"0 0 1000 100\" preserveAspectRatio=\"none\">\n\t<path class=\"elementor-shape-fill\" d=\"M738,99l262-93V0H0v5.6L738,99z\"\/>\n<\/svg>\t\t<\/div>\n\t\t\t\t<div class=\"elementor-shape elementor-shape-bottom\" aria-hidden=\"true\" data-negative=\"false\">\n\t\t\t<svg xmlns=\"http:\/\/www.w3.org\/2000\/svg\" viewBox=\"0 0 1000 100\" preserveAspectRatio=\"none\">\n\t<path class=\"elementor-shape-fill\" d=\"M0,6V0h1000v100L0,6z\"\/>\n<\/svg>\t\t<\/div>\n\t\t\t\t\t<div class=\"elementor-container elementor-column-gap-default\">\n\t\t\t\t\t<div class=\"elementor-column elementor-col-100 elementor-top-column elementor-element elementor-element-7d71fa1\" data-id=\"7d71fa1\" data-element_type=\"column\">\n\t\t\t<div class=\"elementor-widget-wrap\">\n\t\t\t\t\t\t\t<\/div>\n\t\t<\/div>\n\t\t\t\t\t<\/div>\n\t\t<\/section>\n\t\t\t\t<\/div>\n\t\t","protected":false},"excerpt":{"rendered":"<p>Soluciones a medida SOCIO FLEXIBLE, DESDE EL APOYO AL PERSONAL HASTA EL PROYECTO COMPLETO La comunicaci\u00f3n, la comprensi\u00f3n y la agilidad son la clave del enfoque de Technicon Design. A\u00f1adimos valor a trav\u00e9s de nuestra pasi\u00f3n por el dise\u00f1o, una red global desarrollada durante los \u00faltimos 40 a\u00f1os y nuestros amplios conocimientos y experiencia. Entendemos [&hellip;]<\/p>\n","protected":false},"author":4,"featured_media":0,"parent":0,"menu_order":0,"comment_status":"closed","ping_status":"closed","template":"elementor_header_footer","meta":{"footnotes":""},"class_list":["post-4238","page","type-page","status-publish","hentry"],"yoast_head":"<!-- This site is optimized with the Yoast SEO plugin v25.2 - https:\/\/yoast.com\/wordpress\/plugins\/seo\/ -->\n<title>Soluciones a medida: diferentes empresas, diferentes necesidades<\/title>\n<meta name=\"description\" content=\"Gracias a las soluciones a medida, Technicon Design le gu\u00eda a trav\u00e9s de las diferentes fases de su proyecto. Industria de la automoci\u00f3n, paqueter\u00eda, ingenier\u00eda y mucho m\u00e1s.\" \/>\n<meta name=\"robots\" content=\"index, follow, max-snippet:-1, max-image-preview:large, max-video-preview:-1\" \/>\n<meta property=\"og:locale\" content=\"es_ES\" \/>\n<meta property=\"og:type\" content=\"article\" \/>\n<meta property=\"og:title\" content=\"Soluciones a medida: diferentes empresas, diferentes necesidades\" \/>\n<meta property=\"og:description\" content=\"Gracias a las soluciones a medida, Technicon Design le gu\u00eda a trav\u00e9s de las diferentes fases de su proyecto. Industria de la automoci\u00f3n, paqueter\u00eda, ingenier\u00eda y mucho m\u00e1s.\" \/>\n<meta property=\"og:url\" content=\"https:\/\/www.technicondesign.com\/es\/soluciones-a-medida\" \/>\n<meta property=\"og:site_name\" content=\"Technicon\" \/>\n<meta property=\"article:publisher\" content=\"https:\/\/www.facebook.com\/technicondesign\" \/>\n<meta property=\"article:modified_time\" content=\"2022-08-22T16:40:45+00:00\" \/>\n<meta name=\"twitter:card\" content=\"summary_large_image\" \/>\n<meta name=\"twitter:site\" content=\"@TechniconDesign\" \/>\n<meta name=\"twitter:label1\" content=\"Tiempo de lectura\" \/>\n\t<meta name=\"twitter:data1\" content=\"2 minutos\" \/>\n<script type=\"application\/ld+json\" class=\"yoast-schema-graph\">{\"@context\":\"https:\/\/schema.org\",\"@graph\":[{\"@type\":\"WebPage\",\"@id\":\"https:\/\/www.technicondesign.com\/es\/soluciones-a-medida\",\"url\":\"https:\/\/www.technicondesign.com\/es\/soluciones-a-medida\",\"name\":\"Soluciones a medida: diferentes empresas, diferentes necesidades\",\"isPartOf\":{\"@id\":\"https:\/\/www.technicondesign.com\/#website\"},\"datePublished\":\"2020-09-08T13:05:49+00:00\",\"dateModified\":\"2022-08-22T16:40:45+00:00\",\"description\":\"Gracias a las soluciones a medida, Technicon Design le gu\u00eda a trav\u00e9s de las diferentes fases de su proyecto. Industria de la automoci\u00f3n, paqueter\u00eda, ingenier\u00eda y mucho m\u00e1s.\",\"breadcrumb\":{\"@id\":\"https:\/\/www.technicondesign.com\/es\/soluciones-a-medida#breadcrumb\"},\"inLanguage\":\"es\",\"potentialAction\":[{\"@type\":\"ReadAction\",\"target\":[\"https:\/\/www.technicondesign.com\/es\/soluciones-a-medida\"]}]},{\"@type\":\"BreadcrumbList\",\"@id\":\"https:\/\/www.technicondesign.com\/es\/soluciones-a-medida#breadcrumb\",\"itemListElement\":[{\"@type\":\"ListItem\",\"position\":1,\"name\":\"Accueil\",\"item\":\"https:\/\/www.technicondesign.com\/es\/pagina-web\"},{\"@type\":\"ListItem\",\"position\":2,\"name\":\"Soluciones a medida\"}]},{\"@type\":\"WebSite\",\"@id\":\"https:\/\/www.technicondesign.com\/#website\",\"url\":\"https:\/\/www.technicondesign.com\/\",\"name\":\"Technicon\",\"description\":\"Making ideas real\",\"publisher\":{\"@id\":\"https:\/\/www.technicondesign.com\/#organization\"},\"potentialAction\":[{\"@type\":\"SearchAction\",\"target\":{\"@type\":\"EntryPoint\",\"urlTemplate\":\"https:\/\/www.technicondesign.com\/?s={search_term_string}\"},\"query-input\":{\"@type\":\"PropertyValueSpecification\",\"valueRequired\":true,\"valueName\":\"search_term_string\"}}],\"inLanguage\":\"es\"},{\"@type\":\"Organization\",\"@id\":\"https:\/\/www.technicondesign.com\/#organization\",\"name\":\"Technicon Design\",\"url\":\"https:\/\/www.technicondesign.com\/\",\"logo\":{\"@type\":\"ImageObject\",\"inLanguage\":\"es\",\"@id\":\"https:\/\/www.technicondesign.com\/#\/schema\/logo\/image\/\",\"url\":\"https:\/\/www.technicondesign.com\/wp-content\/uploads\/Picture1.png\",\"contentUrl\":\"https:\/\/www.technicondesign.com\/wp-content\/uploads\/Picture1.png\",\"width\":2950,\"height\":850,\"caption\":\"Technicon Design\"},\"image\":{\"@id\":\"https:\/\/www.technicondesign.com\/#\/schema\/logo\/image\/\"},\"sameAs\":[\"https:\/\/www.facebook.com\/technicondesign\",\"https:\/\/x.com\/TechniconDesign\",\"https:\/\/www.instagram.com\/technicondesign\/\",\"https:\/\/www.linkedin.com\/company\/technicon-design\"]}]}<\/script>\n<!-- \/ Yoast SEO plugin. -->","yoast_head_json":{"title":"Soluciones a medida: diferentes empresas, diferentes necesidades","description":"Gracias a las soluciones a medida, Technicon Design le gu\u00eda a trav\u00e9s de las diferentes fases de su proyecto. Industria de la automoci\u00f3n, paqueter\u00eda, ingenier\u00eda y mucho m\u00e1s.","robots":{"index":"index","follow":"follow","max-snippet":"max-snippet:-1","max-image-preview":"max-image-preview:large","max-video-preview":"max-video-preview:-1"},"og_locale":"es_ES","og_type":"article","og_title":"Soluciones a medida: diferentes empresas, diferentes necesidades","og_description":"Gracias a las soluciones a medida, Technicon Design le gu\u00eda a trav\u00e9s de las diferentes fases de su proyecto. Industria de la automoci\u00f3n, paqueter\u00eda, ingenier\u00eda y mucho m\u00e1s.","og_url":"https:\/\/www.technicondesign.com\/es\/soluciones-a-medida","og_site_name":"Technicon","article_publisher":"https:\/\/www.facebook.com\/technicondesign","article_modified_time":"2022-08-22T16:40:45+00:00","twitter_card":"summary_large_image","twitter_site":"@TechniconDesign","twitter_misc":{"Tiempo de lectura":"2 minutos"},"schema":{"@context":"https:\/\/schema.org","@graph":[{"@type":"WebPage","@id":"https:\/\/www.technicondesign.com\/es\/soluciones-a-medida","url":"https:\/\/www.technicondesign.com\/es\/soluciones-a-medida","name":"Soluciones a medida: diferentes empresas, diferentes necesidades","isPartOf":{"@id":"https:\/\/www.technicondesign.com\/#website"},"datePublished":"2020-09-08T13:05:49+00:00","dateModified":"2022-08-22T16:40:45+00:00","description":"Gracias a las soluciones a medida, Technicon Design le gu\u00eda a trav\u00e9s de las diferentes fases de su proyecto. Industria de la automoci\u00f3n, paqueter\u00eda, ingenier\u00eda y mucho m\u00e1s.","breadcrumb":{"@id":"https:\/\/www.technicondesign.com\/es\/soluciones-a-medida#breadcrumb"},"inLanguage":"es","potentialAction":[{"@type":"ReadAction","target":["https:\/\/www.technicondesign.com\/es\/soluciones-a-medida"]}]},{"@type":"BreadcrumbList","@id":"https:\/\/www.technicondesign.com\/es\/soluciones-a-medida#breadcrumb","itemListElement":[{"@type":"ListItem","position":1,"name":"Accueil","item":"https:\/\/www.technicondesign.com\/es\/pagina-web"},{"@type":"ListItem","position":2,"name":"Soluciones a medida"}]},{"@type":"WebSite","@id":"https:\/\/www.technicondesign.com\/#website","url":"https:\/\/www.technicondesign.com\/","name":"Technicon","description":"Making ideas real","publisher":{"@id":"https:\/\/www.technicondesign.com\/#organization"},"potentialAction":[{"@type":"SearchAction","target":{"@type":"EntryPoint","urlTemplate":"https:\/\/www.technicondesign.com\/?s={search_term_string}"},"query-input":{"@type":"PropertyValueSpecification","valueRequired":true,"valueName":"search_term_string"}}],"inLanguage":"es"},{"@type":"Organization","@id":"https:\/\/www.technicondesign.com\/#organization","name":"Technicon Design","url":"https:\/\/www.technicondesign.com\/","logo":{"@type":"ImageObject","inLanguage":"es","@id":"https:\/\/www.technicondesign.com\/#\/schema\/logo\/image\/","url":"https:\/\/www.technicondesign.com\/wp-content\/uploads\/Picture1.png","contentUrl":"https:\/\/www.technicondesign.com\/wp-content\/uploads\/Picture1.png","width":2950,"height":850,"caption":"Technicon Design"},"image":{"@id":"https:\/\/www.technicondesign.com\/#\/schema\/logo\/image\/"},"sameAs":["https:\/\/www.facebook.com\/technicondesign","https:\/\/x.com\/TechniconDesign","https:\/\/www.instagram.com\/technicondesign\/","https:\/\/www.linkedin.com\/company\/technicon-design"]}]}},"_links":{"self":[{"href":"https:\/\/www.technicondesign.com\/es\/wp-json\/wp\/v2\/pages\/4238","targetHints":{"allow":["GET"]}}],"collection":[{"href":"https:\/\/www.technicondesign.com\/es\/wp-json\/wp\/v2\/pages"}],"about":[{"href":"https:\/\/www.technicondesign.com\/es\/wp-json\/wp\/v2\/types\/page"}],"author":[{"embeddable":true,"href":"https:\/\/www.technicondesign.com\/es\/wp-json\/wp\/v2\/users\/4"}],"replies":[{"embeddable":true,"href":"https:\/\/www.technicondesign.com\/es\/wp-json\/wp\/v2\/comments?post=4238"}],"version-history":[{"count":3,"href":"https:\/\/www.technicondesign.com\/es\/wp-json\/wp\/v2\/pages\/4238\/revisions"}],"predecessor-version":[{"id":4241,"href":"https:\/\/www.technicondesign.com\/es\/wp-json\/wp\/v2\/pages\/4238\/revisions\/4241"}],"wp:attachment":[{"href":"https:\/\/www.technicondesign.com\/es\/wp-json\/wp\/v2\/media?parent=4238"}],"curies":[{"name":"wp","href":"https:\/\/api.w.org\/{rel}","templated":true}]}}